{"id":28,"date":"2024-02-08T10:31:00","date_gmt":"2024-02-08T10:31:00","guid":{"rendered":"https:\/\/fussen-dental.com\/willkommen-auf-https-fussen-dental-com\/"},"modified":"2024-02-08T12:05:48","modified_gmt":"2024-02-08T12:05:48","slug":"willkommen-auf-https-fussen-dental-com","status":"publish","type":"page","link":"https:\/\/fussen-dental.com\/en\/willkommen-auf-https-fussen-dental-com\/","title":{"rendered":"Willkommen auf https:\/\/fussen-dental.com"},"content":{"rendered":"<blockquote class=\"wp-block-quote\">\n<p>Ein neuer Stern am Himmel der \u201edentalen Bildgebung\u201c: FUSSEN GmbH. Angesiedelt im hochentwickelten Industriezentrum von Baden-W\u00fcrttemberg, nahe Stuttgart, setzt das Unternehmen auf traditionelle schw\u00e4bischen Tugenden: Flei\u00df resultiert in einer vertrauensvollen Zusammenarbeit zwischen FUSSEN und seinen Kunden. Zuverl\u00e4ssigkeit und Produktqualit\u00e4t ist der Schl\u00fcssel zum Erfolg. Wir bauen auf enge internationale Kooperationen mit hochspezialisierten, anspruchsvollen Zulieferern, die f\u00fchrende Experten ihrer Disziplin sind. Spitzenleistung im Bereich \u201edentale Bildgebung\u201c zum Vorteil aller Anwender, die sich f\u00fcr dentale Bildgebungssysteme von FUSSEN entscheiden.<\/p>\n<\/blockquote>","protected":false},"excerpt":{"rendered":"<p>Ein neuer Stern am Himmel der \u201edentalen Bildgebung\u201c: FUSSEN GmbH. Angesiedelt im hochentwickelten Industriezentrum von Baden-W\u00fcrttemberg, nahe Stuttgart, setzt das Unternehmen auf traditionelle schw\u00e4bischen Tugenden: Flei\u00df resultiert in einer vertrauensvollen [&hellip;]<\/p>\n","protected":false},"author":1,"featured_media":13,"parent":0,"menu_order":0,"comment_status":"closed","ping_status":"open","template":"","meta":{"_EventAllDay":false,"_EventTimezone":"","_EventStartDate":"","_EventEndDate":"","_EventStartDateUTC":"","_EventEndDateUTC":"","_EventShowMap":false,"_EventShowMapLink":false,"_EventURL":"","_EventCost":"","_EventCostDescription":"","_EventCurrencySymbol":"","_EventCurrencyCode":"","_EventCurrencyPosition":"","_EventDateTimeSeparator":"","_EventTimeRangeSeparator":"","_EventOrganizerID":[],"_EventVenueID":[],"_OrganizerEmail":"","_OrganizerPhone":"","_OrganizerWebsite":"","_VenueAddress":"","_VenueCity":"","_VenueCountry":"","_VenueProvince":"","_VenueState":"","_VenueZip":"","_VenuePhone":"","_VenueURL":"","_VenueStateProvince":"","_VenueLat":"","_VenueLng":"","_VenueShowMap":false,"_VenueShowMapLink":false,"footnotes":""},"_links":{"self":[{"href":"https:\/\/fussen-dental.com\/en\/wp-json\/wp\/v2\/pages\/28"}],"collection":[{"href":"https:\/\/fussen-dental.com\/en\/wp-json\/wp\/v2\/pages"}],"about":[{"href":"https:\/\/fussen-dental.com\/en\/wp-json\/wp\/v2\/types\/page"}],"author":[{"embeddable":true,"href":"https:\/\/fussen-dental.com\/en\/wp-json\/wp\/v2\/users\/1"}],"replies":[{"embeddable":true,"href":"https:\/\/fussen-dental.com\/en\/wp-json\/wp\/v2\/comments?post=28"}],"version-history":[{"count":2,"href":"https:\/\/fussen-dental.com\/en\/wp-json\/wp\/v2\/pages\/28\/revisions"}],"predecessor-version":[{"id":435,"href":"https:\/\/fussen-dental.com\/en\/wp-json\/wp\/v2\/pages\/28\/revisions\/435"}],"wp:featuredmedia":[{"embeddable":true,"href":"https:\/\/fussen-dental.com\/en\/wp-json\/wp\/v2\/media\/13"}],"wp:attachment":[{"href":"https:\/\/fussen-dental.com\/en\/wp-json\/wp\/v2\/media?parent=28"}],"curies":[{"name":"wp","href":"https:\/\/api.w.org\/{rel}","templated":true}]}}